{"id":578,"date":"2019-06-11T12:49:07","date_gmt":"2019-06-11T11:49:07","guid":{"rendered":"http:\/\/dev-salus.votan.co\/?page_id=578"},"modified":"2026-04-01T20:34:26","modified_gmt":"2026-04-01T18:34:26","slug":"o-skupini-salus","status":"publish","type":"page","link":"https:\/\/www.salus.eu\/sl\/skupina-salus\/o-skupini-salus\/","title":{"rendered":"O Skupini Salus"},"content":{"rendered":"\t\t<div data-elementor-type=\"wp-post\" data-elementor-id=\"578\" class=\"elementor elementor-578\" data-elementor-post-type=\"page\">\n\t\t\t\t<div class=\"elementor-element elementor-element-c460232 animated-slow e-flex e-con-boxed elementor-invisible e-con e-parent\" data-id=\"c460232\" data-element_type=\"container\" data-e-type=\"container\" data-settings=\"{&quot;animation&quot;:&quot;slideInLeft&quot;}\">\n\t\t\t\t\t<div class=\"e-con-inner\">\n\t\t\t\t<div class=\"elementor-element elementor-element-20add4f elementor-widget elementor-widget-heading\" data-id=\"20add4f\" data-element_type=\"widget\" data-e-type=\"widget\" data-widget_type=\"heading.default\">\n\t\t\t\t<div class=\"elementor-widget-container\">\n\t\t\t\t\t<h1 class=\"elementor-heading-title elementor-size-default\">O Skupini Salus<\/h1>\t\t\t\t<\/div>\n\t\t\t\t<\/div>\n\t\t\t\t<div class=\"elementor-element elementor-element-d654c50 elementor-widget elementor-widget-text-editor\" data-id=\"d654c50\" data-element_type=\"widget\" data-e-type=\"widget\" data-widget_type=\"text-editor.default\">\n\t\t\t\t<div class=\"elementor-widget-container\">\n\t\t\t\t\t\t\t\t\tV Skupini <span class=\"text-poudarek\">Salus<\/span> postavljamo paciente in poslovne partnerje v sredi\u0161\u010de vsega, kar po\u010dnemo.\t\t\t\t\t\t\t\t<\/div>\n\t\t\t\t<\/div>\n\t\t\t\t\t<\/div>\n\t\t\t\t<\/div>\n\t\t<div class=\"elementor-element elementor-element-6eb13a3 animated-slow e-flex e-con-boxed elementor-invisible e-con e-parent\" data-id=\"6eb13a3\" data-element_type=\"container\" data-e-type=\"container\" data-settings=\"{&quot;animation&quot;:&quot;slideInLeft&quot;,&quot;animation_delay&quot;:300}\">\n\t\t\t\t\t<div class=\"e-con-inner\">\n\t\t\t\t<div class=\"elementor-element elementor-element-40e3586 elementor-widget elementor-widget-text-editor\" data-id=\"40e3586\" data-element_type=\"widget\" data-e-type=\"widget\" data-widget_type=\"text-editor.default\">\n\t\t\t\t<div class=\"elementor-widget-container\">\n\t\t\t\t\t\t\t\t\t<p>Skupina Salus je eden vodilnih neodvisnih regionalnih partnerjev za komercializacijo in distribucijo farmacevtskih izdelkov v srednji in vzhodni Evropi (CEE). Podpiramo biotehnolo\u0161ka, farmacevtska in MedTech podjetja pri vstopu na trg, \u0161iritvi poslovanja ter krepitvi njihove prisotnosti na 18 trgih srednje in vzhodne Evrope.<\/p>\t\t\t\t\t\t\t\t<\/div>\n\t\t\t\t<\/div>\n\t\t\t\t\t<\/div>\n\t\t\t\t<\/div>\n\t\t<div class=\"elementor-element elementor-element-6ab7908 animated-slow e-flex e-con-boxed elementor-invisible e-con e-parent\" data-id=\"6ab7908\" data-element_type=\"container\" data-e-type=\"container\" data-settings=\"{&quot;animation&quot;:&quot;slideInLeft&quot;,&quot;animation_delay&quot;:200}\">\n\t\t\t\t\t<div class=\"e-con-inner\">\n\t\t<div class=\"elementor-element elementor-element-eb6b86e e-con-full e-flex e-con e-child\" data-id=\"eb6b86e\" data-element_type=\"container\" data-e-type=\"container\" data-settings=\"{&quot;background_background&quot;:&quot;classic&quot;}\">\n\t\t\t\t<div class=\"elementor-element elementor-element-eff866e elementor-widget elementor-widget-heading\" data-id=\"eff866e\" data-element_type=\"widget\" data-e-type=\"widget\" data-widget_type=\"heading.default\">\n\t\t\t\t<div class=\"elementor-widget-container\">\n\t\t\t\t\t<h3 class=\"elementor-heading-title elementor-size-default\">Obseg, strokovno znanje in integrirane zmogljivosti<\/h3>\t\t\t\t<\/div>\n\t\t\t\t<\/div>\n\t\t\t\t<div class=\"elementor-element elementor-element-88f4aef elementor-widget elementor-widget-text-editor\" data-id=\"88f4aef\" data-element_type=\"widget\" data-e-type=\"widget\" data-widget_type=\"text-editor.default\">\n\t\t\t\t<div class=\"elementor-widget-container\">\n\t\t\t\t\t\t\t\t\t<p>Z ve\u010d kot 700 strokovnjaki in 696 milijoni evrov prihodkov v letu 2025 Skupina Salus zdru\u017euje poglobljeno strokovno znanje na podro\u010djih regulatornih zadev, vstopa na trge, dolo\u010danja cen in povra\u010dila stro\u0161kov, medicinskih zadev ter komercialnih aktivnosti, podprto z razvito farmacevtsko dobavno verigo in distribucijsko infrastrukturo.<\/p>\t\t\t\t\t\t\t\t<\/div>\n\t\t\t\t<\/div>\n\t\t\t\t<\/div>\n\t\t<div class=\"elementor-element elementor-element-ac79b3d e-con-full e-flex e-con e-child\" data-id=\"ac79b3d\" data-element_type=\"container\" data-e-type=\"container\" data-settings=\"{&quot;background_background&quot;:&quot;classic&quot;}\">\n\t\t\t\t<\/div>\n\t\t\t\t\t<\/div>\n\t\t\t\t<\/div>\n\t\t<div class=\"elementor-element elementor-element-1bdfca8 animated-slow e-flex e-con-boxed elementor-invisible e-con e-parent\" data-id=\"1bdfca8\" data-element_type=\"container\" data-e-type=\"container\" data-settings=\"{&quot;animation&quot;:&quot;slideInLeft&quot;,&quot;animation_delay&quot;:400}\">\n\t\t\t\t\t<div class=\"e-con-inner\">\n\t\t<div class=\"elementor-element elementor-element-c1d4794 e-con-full e-flex e-con e-child\" data-id=\"c1d4794\" data-element_type=\"container\" data-e-type=\"container\" data-settings=\"{&quot;background_background&quot;:&quot;classic&quot;}\">\n\t\t\t\t<div class=\"elementor-element elementor-element-c63c58c elementor-widget elementor-widget-heading\" data-id=\"c63c58c\" data-element_type=\"widget\" data-e-type=\"widget\" data-widget_type=\"heading.default\">\n\t\t\t\t<div class=\"elementor-widget-container\">\n\t\t\t\t\t<h3 class=\"elementor-heading-title elementor-size-default\">Zanesljiv partner za vstop na trge CEE<\/h3>\t\t\t\t<\/div>\n\t\t\t\t<\/div>\n\t\t\t\t<div class=\"elementor-element elementor-element-0e614fd elementor-widget elementor-widget-text-editor\" data-id=\"0e614fd\" data-element_type=\"widget\" data-e-type=\"widget\" data-widget_type=\"text-editor.default\">\n\t\t\t\t<div class=\"elementor-widget-container\">\n\t\t\t\t\t\t\t\t\t<p>Na\u0161 integrirani model vstopa in razvoja na trgu omogo\u010da u\u010dinkovito uvedbo izdelkov, njihovo uspe\u0161no uveljavitev ter dolgoro\u010dno rast v razli\u010dnih zdravstvenih sistemih. Regionalne aktivnosti strate\u0161ko usklajujemo iz sede\u017ea v Ljubljani, kar zagotavlja hitro, usklajeno in dosledno izvajanje na vseh 18 trgih srednje in vzhodne Evrope.<\/p>\t\t\t\t\t\t\t\t<\/div>\n\t\t\t\t<\/div>\n\t\t\t\t<\/div>\n\t\t<div class=\"elementor-element elementor-element-f23f04b e-con-full e-flex e-con e-child\" data-id=\"f23f04b\" data-element_type=\"container\" data-e-type=\"container\" data-settings=\"{&quot;background_background&quot;:&quot;classic&quot;}\">\n\t\t\t\t<\/div>\n\t\t\t\t\t<\/div>\n\t\t\t\t<\/div>\n\t\t<div class=\"elementor-element elementor-element-d75457a animated-slow e-flex e-con-boxed elementor-invisible e-con e-parent\" data-id=\"d75457a\" data-element_type=\"container\" data-e-type=\"container\" data-settings=\"{&quot;animation&quot;:&quot;slideInLeft&quot;,&quot;animation_delay&quot;:600}\">\n\t\t\t\t\t<div class=\"e-con-inner\">\n\t\t<div class=\"elementor-element elementor-element-126be1e e-con-full e-flex e-con e-child\" data-id=\"126be1e\" data-element_type=\"container\" data-e-type=\"container\" data-settings=\"{&quot;background_background&quot;:&quot;classic&quot;}\">\n\t\t\t\t<div class=\"elementor-element elementor-element-ae60851 elementor-widget elementor-widget-heading\" data-id=\"ae60851\" data-element_type=\"widget\" data-e-type=\"widget\" data-widget_type=\"heading.default\">\n\t\t\t\t<div class=\"elementor-widget-container\">\n\t\t\t\t\t<h3 class=\"elementor-heading-title elementor-size-default\">Omogo\u010damo dostop do inovativnih terapij<\/h3>\t\t\t\t<\/div>\n\t\t\t\t<\/div>\n\t\t\t\t<div class=\"elementor-element elementor-element-6b0b3da elementor-widget elementor-widget-text-editor\" data-id=\"6b0b3da\" data-element_type=\"widget\" data-e-type=\"widget\" data-widget_type=\"text-editor.default\">\n\t\t\t\t<div class=\"elementor-widget-container\">\n\t\t\t\t\t\t\t\t\t<p>Na\u0161e ekipe imajo bogate izku\u0161nje na podro\u010dju specialnih zdravil, redkih bolezni, bolni\u0161ni\u010dnih zdravil ter naprednih medicinskih tehnologij. S tem zagotavljamo, da inovativne terapije in zdravstvene re\u0161itve u\u010dinkovito, odgovorno in z merljivim poslovnim u\u010dinkom dose\u017eejo paciente po vsej srednji in vzhodni Evropi.<\/p>\t\t\t\t\t\t\t\t<\/div>\n\t\t\t\t<\/div>\n\t\t\t\t<\/div>\n\t\t<div class=\"elementor-element elementor-element-2a989ad e-con-full e-flex e-con e-child\" data-id=\"2a989ad\" data-element_type=\"container\" data-e-type=\"container\" data-settings=\"{&quot;background_background&quot;:&quot;classic&quot;}\">\n\t\t\t\t<\/div>\n\t\t\t\t\t<\/div>\n\t\t\t\t<\/div>\n\t\t<div class=\"elementor-element elementor-element-4230d09 e-flex e-con-boxed elementor-invisible e-con e-parent\" data-id=\"4230d09\" data-element_type=\"container\" data-e-type=\"container\" data-settings=\"{&quot;animation&quot;:&quot;slideInLeft&quot;}\">\n\t\t\t\t\t<div class=\"e-con-inner\">\n\t\t\t\t<div class=\"elementor-element elementor-element-56d4d65 elementor-align-center elementor-widget elementor-widget-button\" data-id=\"56d4d65\" data-element_type=\"widget\" data-e-type=\"widget\" data-widget_type=\"button.default\">\n\t\t\t\t<div class=\"elementor-widget-container\">\n\t\t\t\t\t\t\t\t\t<div class=\"elementor-button-wrapper\">\n\t\t\t\t\t<a class=\"elementor-button elementor-button-link elementor-size-sm elementor-animation-float\" href=\"https:\/\/www.salus.eu\/sl\/kontakt\/\" id=\"button-contact-us\">\n\t\t\t\t\t\t<span class=\"elementor-button-content-wrapper\">\n\t\t\t\t\t\t<span class=\"elementor-button-icon\">\n\t\t\t\t<svg aria-hidden=\"true\" class=\"e-font-icon-svg e-fas-arrow-right\" viewBox=\"0 0 448 512\" xmlns=\"http:\/\/www.w3.org\/2000\/svg\"><path d=\"M190.5 66.9l22.2-22.2c9.4-9.4 24.6-9.4 33.9 0L441 239c9.4 9.4 9.4 24.6 0 33.9L246.6 467.3c-9.4 9.4-24.6 9.4-33.9 0l-22.2-22.2c-9.5-9.5-9.3-25 .4-34.3L311.4 296H24c-13.3 0-24-10.7-24-24v-32c0-13.3 10.7-24 24-24h287.4L190.9 101.2c-9.8-9.3-10-24.8-.4-34.3z\"><\/path><\/svg>\t\t\t<\/span>\n\t\t\t\t\t\t\t\t\t<span class=\"elementor-button-text\">Kontaktirajte nas<\/span>\n\t\t\t\t\t<\/span>\n\t\t\t\t\t<\/a>\n\t\t\t\t<\/div>\n\t\t\t\t\t\t\t\t<\/div>\n\t\t\t\t<\/div>\n\t\t\t\t\t<\/div>\n\t\t\t\t<\/div>\n\t\t\t\t<\/div>\n\t\t","protected":false},"excerpt":{"rendered":"<p>V Skupini Salus postavljamo paciente in poslovne partnerje v sredi\u0161\u010de vsega, kar po\u010dnemo. Skupina Salus je eden vodilnih neodvisnih regionalnih partnerjev za komercializacijo in distribucijo farmacevtskih izdelkov v srednji in vzhodni Evropi (CEE). Podpiramo biotehnolo\u0161ka, farmacevtska in MedTech podjetja pri vstopu na trg, \u0161iritvi poslovanja ter krepitvi njihove prisotnosti na 18 trgih srednje in vzhodne [&hellip;]<\/p>\n","protected":false},"author":1,"featured_media":0,"parent":527,"menu_order":0,"comment_status":"closed","ping_status":"closed","template":"","meta":{"_acf_changed":false,"footnotes":"","_links_to":"","_links_to_target":""},"class_list":["post-578","page","type-page","status-publish","hentry"],"acf":[],"yoast_head":"<!-- This site is optimized with the Yoast SEO plugin v27.4 - https:\/\/yoast.com\/product\/yoast-seo-wordpress\/ -->\n<title>O Skupini Salus &#8211; Salus<\/title>\n<meta name=\"description\" content=\"Skupina Salus predstavlja vitalni \u010dlen v oskrbi z zdravili, prehranskimi dodatki, medicinskimi pripomo\u010dki in kakovostnimi ter inovativnimi storitvami.\" \/>\n<meta name=\"robots\" content=\"index, follow, max-snippet:-1, max-image-preview:large, max-video-preview:-1\" \/>\n<link rel=\"canonical\" href=\"https:\/\/www.salus.eu\/sl\/skupina-salus\/o-skupini-salus\/\" \/>\n<meta property=\"og:locale\" content=\"sl_SI\" \/>\n<meta property=\"og:type\" content=\"article\" \/>\n<meta property=\"og:title\" content=\"O Skupini Salus &#8211; Salus\" \/>\n<meta property=\"og:description\" content=\"Skupina Salus predstavlja vitalni \u010dlen v oskrbi z zdravili, prehranskimi dodatki, medicinskimi pripomo\u010dki in kakovostnimi ter inovativnimi storitvami.\" \/>\n<meta property=\"og:url\" content=\"https:\/\/www.salus.eu\/sl\/skupina-salus\/o-skupini-salus\/\" \/>\n<meta property=\"og:site_name\" content=\"Salus\" \/>\n<meta property=\"article:modified_time\" content=\"2026-04-01T18:34:26+00:00\" \/>\n<meta name=\"twitter:card\" content=\"summary_large_image\" \/>\n<meta name=\"twitter:label1\" content=\"Est. reading time\" \/>\n\t<meta name=\"twitter:data1\" content=\"4 minute\" \/>\n<script type=\"application\/ld+json\" class=\"yoast-schema-graph\">{\"@context\":\"https:\\\/\\\/schema.org\",\"@graph\":[{\"@type\":\"WebPage\",\"@id\":\"https:\\\/\\\/www.salus.eu\\\/sl\\\/skupina-salus\\\/o-skupini-salus\\\/\",\"url\":\"https:\\\/\\\/www.salus.eu\\\/sl\\\/skupina-salus\\\/o-skupini-salus\\\/\",\"name\":\"O Skupini Salus &#8211; Salus\",\"isPartOf\":{\"@id\":\"https:\\\/\\\/www.salus.eu\\\/sl\\\/#website\"},\"datePublished\":\"2019-06-11T11:49:07+00:00\",\"dateModified\":\"2026-04-01T18:34:26+00:00\",\"description\":\"Skupina Salus predstavlja vitalni \u010dlen v oskrbi z zdravili, prehranskimi dodatki, medicinskimi pripomo\u010dki in kakovostnimi ter inovativnimi storitvami.\",\"breadcrumb\":{\"@id\":\"https:\\\/\\\/www.salus.eu\\\/sl\\\/skupina-salus\\\/o-skupini-salus\\\/#breadcrumb\"},\"inLanguage\":\"sl-SI\",\"potentialAction\":[{\"@type\":\"ReadAction\",\"target\":[\"https:\\\/\\\/www.salus.eu\\\/sl\\\/skupina-salus\\\/o-skupini-salus\\\/\"]}]},{\"@type\":\"BreadcrumbList\",\"@id\":\"https:\\\/\\\/www.salus.eu\\\/sl\\\/skupina-salus\\\/o-skupini-salus\\\/#breadcrumb\",\"itemListElement\":[{\"@type\":\"ListItem\",\"position\":1,\"name\":\"Home\",\"item\":\"https:\\\/\\\/www.salus.eu\\\/sl\\\/\"},{\"@type\":\"ListItem\",\"position\":2,\"name\":\"Skupina Salus\",\"item\":\"https:\\\/\\\/www.salus.eu\\\/sl\\\/skupina-salus\\\/\"},{\"@type\":\"ListItem\",\"position\":3,\"name\":\"O Skupini Salus\"}]},{\"@type\":\"WebSite\",\"@id\":\"https:\\\/\\\/www.salus.eu\\\/sl\\\/#website\",\"url\":\"https:\\\/\\\/www.salus.eu\\\/sl\\\/\",\"name\":\"Salus\",\"description\":\"Dobro ljudi je najvi\u0161ji zakon\",\"publisher\":{\"@id\":\"https:\\\/\\\/www.salus.eu\\\/sl\\\/#organization\"},\"potentialAction\":[{\"@type\":\"SearchAction\",\"target\":{\"@type\":\"EntryPoint\",\"urlTemplate\":\"https:\\\/\\\/www.salus.eu\\\/sl\\\/?s={search_term_string}\"},\"query-input\":{\"@type\":\"PropertyValueSpecification\",\"valueRequired\":true,\"valueName\":\"search_term_string\"}}],\"inLanguage\":\"sl-SI\"},{\"@type\":\"Organization\",\"@id\":\"https:\\\/\\\/www.salus.eu\\\/sl\\\/#organization\",\"name\":\"Salus\",\"url\":\"https:\\\/\\\/www.salus.eu\\\/sl\\\/\",\"logo\":{\"@type\":\"ImageObject\",\"inLanguage\":\"sl-SI\",\"@id\":\"https:\\\/\\\/www.salus.eu\\\/sl\\\/#\\\/schema\\\/logo\\\/image\\\/\",\"url\":\"https:\\\/\\\/www.salus.eu\\\/wp-content\\\/uploads\\\/2019\\\/06\\\/salus-logo.png\",\"contentUrl\":\"https:\\\/\\\/www.salus.eu\\\/wp-content\\\/uploads\\\/2019\\\/06\\\/salus-logo.png\",\"width\":300,\"height\":84,\"caption\":\"Salus\"},\"image\":{\"@id\":\"https:\\\/\\\/www.salus.eu\\\/sl\\\/#\\\/schema\\\/logo\\\/image\\\/\"},\"sameAs\":[\"https:\\\/\\\/www.linkedin.com\\\/company\\\/salus-ljubljana-d.d.\\\/\"]}]}<\/script>\n<!-- \/ Yoast SEO plugin. -->","yoast_head_json":{"title":"O Skupini Salus &#8211; Salus","description":"Skupina Salus predstavlja vitalni \u010dlen v oskrbi z zdravili, prehranskimi dodatki, medicinskimi pripomo\u010dki in kakovostnimi ter inovativnimi storitvami.","robots":{"index":"index","follow":"follow","max-snippet":"max-snippet:-1","max-image-preview":"max-image-preview:large","max-video-preview":"max-video-preview:-1"},"canonical":"https:\/\/www.salus.eu\/sl\/skupina-salus\/o-skupini-salus\/","og_locale":"sl_SI","og_type":"article","og_title":"O Skupini Salus &#8211; Salus","og_description":"Skupina Salus predstavlja vitalni \u010dlen v oskrbi z zdravili, prehranskimi dodatki, medicinskimi pripomo\u010dki in kakovostnimi ter inovativnimi storitvami.","og_url":"https:\/\/www.salus.eu\/sl\/skupina-salus\/o-skupini-salus\/","og_site_name":"Salus","article_modified_time":"2026-04-01T18:34:26+00:00","twitter_card":"summary_large_image","twitter_misc":{"Est. reading time":"4 minute"},"schema":{"@context":"https:\/\/schema.org","@graph":[{"@type":"WebPage","@id":"https:\/\/www.salus.eu\/sl\/skupina-salus\/o-skupini-salus\/","url":"https:\/\/www.salus.eu\/sl\/skupina-salus\/o-skupini-salus\/","name":"O Skupini Salus &#8211; Salus","isPartOf":{"@id":"https:\/\/www.salus.eu\/sl\/#website"},"datePublished":"2019-06-11T11:49:07+00:00","dateModified":"2026-04-01T18:34:26+00:00","description":"Skupina Salus predstavlja vitalni \u010dlen v oskrbi z zdravili, prehranskimi dodatki, medicinskimi pripomo\u010dki in kakovostnimi ter inovativnimi storitvami.","breadcrumb":{"@id":"https:\/\/www.salus.eu\/sl\/skupina-salus\/o-skupini-salus\/#breadcrumb"},"inLanguage":"sl-SI","potentialAction":[{"@type":"ReadAction","target":["https:\/\/www.salus.eu\/sl\/skupina-salus\/o-skupini-salus\/"]}]},{"@type":"BreadcrumbList","@id":"https:\/\/www.salus.eu\/sl\/skupina-salus\/o-skupini-salus\/#breadcrumb","itemListElement":[{"@type":"ListItem","position":1,"name":"Home","item":"https:\/\/www.salus.eu\/sl\/"},{"@type":"ListItem","position":2,"name":"Skupina Salus","item":"https:\/\/www.salus.eu\/sl\/skupina-salus\/"},{"@type":"ListItem","position":3,"name":"O Skupini Salus"}]},{"@type":"WebSite","@id":"https:\/\/www.salus.eu\/sl\/#website","url":"https:\/\/www.salus.eu\/sl\/","name":"Salus","description":"Dobro ljudi je najvi\u0161ji zakon","publisher":{"@id":"https:\/\/www.salus.eu\/sl\/#organization"},"potentialAction":[{"@type":"SearchAction","target":{"@type":"EntryPoint","urlTemplate":"https:\/\/www.salus.eu\/sl\/?s={search_term_string}"},"query-input":{"@type":"PropertyValueSpecification","valueRequired":true,"valueName":"search_term_string"}}],"inLanguage":"sl-SI"},{"@type":"Organization","@id":"https:\/\/www.salus.eu\/sl\/#organization","name":"Salus","url":"https:\/\/www.salus.eu\/sl\/","logo":{"@type":"ImageObject","inLanguage":"sl-SI","@id":"https:\/\/www.salus.eu\/sl\/#\/schema\/logo\/image\/","url":"https:\/\/www.salus.eu\/wp-content\/uploads\/2019\/06\/salus-logo.png","contentUrl":"https:\/\/www.salus.eu\/wp-content\/uploads\/2019\/06\/salus-logo.png","width":300,"height":84,"caption":"Salus"},"image":{"@id":"https:\/\/www.salus.eu\/sl\/#\/schema\/logo\/image\/"},"sameAs":["https:\/\/www.linkedin.com\/company\/salus-ljubljana-d.d.\/"]}]}},"_links":{"self":[{"href":"https:\/\/www.salus.eu\/sl\/wp-json\/wp\/v2\/pages\/578","targetHints":{"allow":["GET"]}}],"collection":[{"href":"https:\/\/www.salus.eu\/sl\/wp-json\/wp\/v2\/pages"}],"about":[{"href":"https:\/\/www.salus.eu\/sl\/wp-json\/wp\/v2\/types\/page"}],"author":[{"embeddable":true,"href":"https:\/\/www.salus.eu\/sl\/wp-json\/wp\/v2\/users\/1"}],"replies":[{"embeddable":true,"href":"https:\/\/www.salus.eu\/sl\/wp-json\/wp\/v2\/comments?post=578"}],"version-history":[{"count":15,"href":"https:\/\/www.salus.eu\/sl\/wp-json\/wp\/v2\/pages\/578\/revisions"}],"predecessor-version":[{"id":8854,"href":"https:\/\/www.salus.eu\/sl\/wp-json\/wp\/v2\/pages\/578\/revisions\/8854"}],"up":[{"embeddable":true,"href":"https:\/\/www.salus.eu\/sl\/wp-json\/wp\/v2\/pages\/527"}],"wp:attachment":[{"href":"https:\/\/www.salus.eu\/sl\/wp-json\/wp\/v2\/media?parent=578"}],"curies":[{"name":"wp","href":"https:\/\/api.w.org\/{rel}","templated":true}]}}